{"id":338,"date":"2017-12-10T21:25:10","date_gmt":"2017-12-10T20:25:10","guid":{"rendered":"http:\/\/wp.blaskapelle-schapen.de\/?page_id=338"},"modified":"2024-07-14T13:45:59","modified_gmt":"2024-07-14T11:45:59","slug":"musikjugend","status":"publish","type":"page","link":"https:\/\/blaskapelle-schapen.de\/index.php\/musikjugend\/","title":{"rendered":"Musikjugend der Blaskapelle Schapen"},"content":{"rendered":"<p>Wenn du Interesse am Erlernen eines Instruments hast und Lust darauf, gemeinsam mit anderen Kindern und Jugendlichen zu musizieren, dann bist du bei unserer Musikjugend genau richtig!<\/p>\r\n<p>Die Musikjugend existiert seit 2006 und w\u00e4chst stetig. In w\u00f6chentlichen Probe \u00fcben 7 Kinder unter der Leitung ihres Dirigenten Dirk Br\u00fcnenborg. Die Musiker werden dabei an die Orchestersituation herangef\u00fchrt, wobei das Entwickeln von Gruppendynamik und weiteren sozialen Kompetenzen gef\u00f6rdert wird.<\/p>\r\n<p>Ihr K\u00f6nnen stellt die Musikjugend bei Auftritten im Altenheim, auf dem Sch\u00fctzenfest und weiteren Gelegenheiten unter Beweis. Um die Gruppendynamik zu st\u00e4rken, werden in regelm\u00e4\u00dfigen Abst\u00e4nden Ausfl\u00fcge veranstaltet. Dort lernen sich die jungen Musikern besser kennen und k\u00f6nnen dadurch besser aufeinander abgestimmt musizieren.<\/p>\r\n<h4>Besetzung<\/h4>\r\n<p><img loading=\"lazy\" decoding=\"async\" class=\"alignnone size-medium wp-image-1386\" src=\"https:\/\/blaskapelle-schapen.de\/wp-content\/uploads\/2024\/07\/DSC_1971-300x200.jpeg\" alt=\"\" width=\"300\" height=\"200\" srcset=\"https:\/\/blaskapelle-schapen.de\/wp-content\/uploads\/2024\/07\/DSC_1971-300x200.jpeg 300w, https:\/\/blaskapelle-schapen.de\/wp-content\/uploads\/2024\/07\/DSC_1971-1024x681.jpeg 1024w, https:\/\/blaskapelle-schapen.de\/wp-content\/uploads\/2024\/07\/DSC_1971-768x511.jpeg 768w, https:\/\/blaskapelle-schapen.de\/wp-content\/uploads\/2024\/07\/DSC_1971-1536x1022.jpeg 1536w, https:\/\/blaskapelle-schapen.de\/wp-content\/uploads\/2024\/07\/DSC_1971-2048x1363.jpeg 2048w, https:\/\/blaskapelle-schapen.de\/wp-content\/uploads\/2024\/07\/DSC_1971-150x100.jpeg 150w\" sizes=\"auto, (max-width: 300px) 100vw, 300px\" \/><\/p>\r\n<p><span class=\"OYPEnA text-decoration-none text-strikethrough-none\">v.l.: Laura Johanning, Laura Kundrun, Edda D\u00fcsing, Fiona Meyer, Marvin Meyer, Moritz Wallmeyer, Ben P\u00f6hlker<\/span><\/p>\r\n<p><span class=\"OYPEnA text-decoration-none text-strikethrough-none\">nicht anwesend: Silas Bosse<\/span><\/p>\r\n      <div id=\"post-grid-lazy-714\" class=\"post-grid-lazy\"><img decoding=\"async\" alt=\"\" src=\"\" \/><\/div>\n    <script>\n      jQuery('#post-grid-lazy-714').ready(function($) {\n        $('#post-grid-lazy-714').fadeOut();\n        $('#post-grid-714   ').fadeIn();\n      })\n    <\/script>\n    <style type=\"text\/css\">\n      #post-grid-714 {\n        display: none;\n      }\n\n      .post-grid-lazy {\n        text-align: center;\n      }\n    <\/style>\n    <div data-options='{&quot;id&quot;:&quot;714&quot;,&quot;lazy_load&quot;:&quot;yes&quot;,&quot;masonry_enable&quot;:&quot;yes&quot;,&quot;view_type&quot;:&quot;grid&quot;}' id=\"post-grid-714\" class=\"post-grid grid\">\n    \n\n\n    <div class=\"grid-items\">\n      <div class=\"item item-1402 skin thumbgoleft even 0 \">\n        <div class=\"layer-wrapper layout-1027\">\n          <div class=\"layer-media \"\r\n        id=\"\">\r\n        <div\r\n        class=\"element element_1  element-media \">\r\n        <img loading=\"lazy\" decoding=\"async\" width=\"620\" height=\"620\" src=\"https:\/\/blaskapelle-schapen.de\/wp-content\/uploads\/2024\/07\/2023_Instrumentenausstellung_6547-1024x1024.jpeg\" class=\"attachment-large size-large wp-post-image\" alt=\"\" \/>    <\/div>\r\n    <\/div>\r\n    <div class=\"layer-content element_3\"\r\n        id=\"\">\r\n        <div class=\"element element_4  title \">\r\n                    <a target=\"\"\r\n                href=\"https:\/\/blaskapelle-schapen.de\/index.php\/instrumentenausstellung-gut-besucht\/\">Instrumentenausstellung gut besucht<\/a>\r\n            <\/div>\r\n    <div class=\"element element_5  excerpt \">\r\n        Damit auch in Zukunft weiterhin solch tolle Musikjugend-Konzerte wie in 2022 gespielt werden k\u00f6nnen, ist eine kontinuierliche Nachwuchsgewinnung notwendig. Mit            <\/div>\r\n            <a class=\"element element_6  read_more \"\r\n            target=\"\"\r\n            href=\"https:\/\/blaskapelle-schapen.de\/index.php\/instrumentenausstellung-gut-besucht\/\"><\/a>\r\n        <\/div>\r\n    <\/div>\n  <\/div><div class=\"item item-1399 skin thumbgoleft odd 1 \">\n        <div class=\"layer-wrapper layout-1027\">\n          <div class=\"layer-media \"\r\n        id=\"\">\r\n        <div\r\n        class=\"element element_1  element-media \">\r\n        <img loading=\"lazy\" decoding=\"async\" width=\"1\" height=\"1\" src=\"https:\/\/blaskapelle-schapen.de\/wp-content\/uploads\/2024\/07\/2022_Jugendkonzert_0071.heic\" class=\"attachment-large size-large wp-post-image\" alt=\"\" \/>    <\/div>\r\n    <\/div>\r\n    <div class=\"layer-content element_3\"\r\n        id=\"\">\r\n        <div class=\"element element_4  title \">\r\n                    <a target=\"\"\r\n                href=\"https:\/\/blaskapelle-schapen.de\/index.php\/jugendkonzert-gemeinsam-mit-blasorchester-metelen\/\">Jugendkonzert gemeinsam mit Blasorchester Metelen<\/a>\r\n            <\/div>\r\n    <div class=\"element element_5  excerpt \">\r\n        Die Schapener Musikjugend konnte sich erstmalig - gemeinsam mit dem Metelener Nachwuchs - ganz alleine dem Publikum pr\u00e4sentieren. Die Nachwuchsmusiker            <\/div>\r\n            <a class=\"element element_6  read_more \"\r\n            target=\"\"\r\n            href=\"https:\/\/blaskapelle-schapen.de\/index.php\/jugendkonzert-gemeinsam-mit-blasorchester-metelen\/\"><\/a>\r\n        <\/div>\r\n    <\/div>\n  <\/div><div class=\"item item-917 skin thumbgoleft even 2 \">\n        <div class=\"layer-wrapper layout-1027\">\n          <div class=\"layer-media \"\r\n        id=\"\">\r\n        <div\r\n        class=\"element element_1  element-media \">\r\n        <img loading=\"lazy\" decoding=\"async\" width=\"620\" height=\"465\" src=\"https:\/\/blaskapelle-schapen.de\/wp-content\/uploads\/2019\/08\/IMG_2352_bearbeitet_Website-1024x768.jpg\" class=\"attachment-large size-large wp-post-image\" alt=\"Sommerfest der Musikjugend\" \/>    <\/div>\r\n    <\/div>\r\n    <div class=\"layer-content element_3\"\r\n        id=\"\">\r\n        <div class=\"element element_4  title \">\r\n                    <a target=\"\"\r\n                href=\"https:\/\/blaskapelle-schapen.de\/index.php\/sommerfest-der-musikjugend\/\">Sommerfest der Musikjugend<\/a>\r\n            <\/div>\r\n    <div class=\"element element_5  excerpt \">\r\n        Es gibt kein schlechtes Wetter, nur ein schlechtes Programm: Das hatte die Musikjugend ganz sicher nicht. Lest selbst!            <\/div>\r\n            <a class=\"element element_6  read_more \"\r\n            target=\"\"\r\n            href=\"https:\/\/blaskapelle-schapen.de\/index.php\/sommerfest-der-musikjugend\/\"><\/a>\r\n        <\/div>\r\n    <\/div>\n  <\/div>    <\/div>\n          <style type=\"text\/css\">\r\n            .layout-1027 .element_0 {\r\n                            }\r\n\r\n                    <\/style>\r\n        <style type=\"text\/css\">\r\n        .layout-1027 .element_1 {\r\n            overflow: hidden;\r\n                    }\r\n\r\n        .layout-1027 .element_1 img {\r\n            max-width: 100\n            height: auto;\r\n        }\r\n\r\n        @media only screen and (min-width: 1024px) {\r\n            .layout-1027 .element_1 {\r\n                height: auto;\r\n                            }\r\n        }\r\n\r\n        @media only screen and (min-width: 768px) and (max-width: 1023px) {\r\n            .layout-1027 .element_1 {\r\n                height: auto;\r\n                            }\r\n        }\r\n\r\n        @media only screen and (min-width: 0px) and (max-width: 767px) {\r\n            .layout-1027 .element_1 {\r\n                height: auto;\r\n                            }\r\n        }\r\n    <\/style>\r\n        <style type=\"text\/css\">\r\n            .layout-1027 .element_3 {\r\n                            }\r\n\r\n                    <\/style>\r\n        <style type=\"text\/css\">\r\n        .layout-1027 .element_4 {\r\n            display: block;font-size: 21px;line-height: normal;padding: 5px 10px;text-align: left;        }\r\n\r\n        .layout-1027 .element_4 a {\r\n            display: block;font-size: 21px;line-height: normal;padding: 5px 10px;text-align: left;        }\r\n    <\/style>\r\n    <style type=\"text\/css\">\r\n        .layout-1027 .element_5 {\r\n            display: block;font-size: 12px;padding: 5px 10px;text-align: left;        }\r\n\r\n        .layout-1027 .element_5 a {\r\n                    }\r\n    <\/style>\r\n    <style type=\"text\/css\">\r\n        .layout-1027 .element_6 {\r\n            display: block;font-size: 12px;font-weight: bold;padding: 0 10px;text-align: left;        }\r\n\r\n        .layout-1027 .element_6 a {\r\n                    }\r\n    <\/style>\r\n      <style type=\"text\/css\">\n      \/*Write your CSS code here*\/    <\/style>\n        <style type=\"text\/css\">\n      .layout-1027 a{text-decoration:none}\r\n.layout-1027 {\r\n  overflow: hidden;\r\n  position: relative;\r\n  vertical-align: top;\r\n}\r\n.layout-1027:hover .layer-media {\r\n  opacity: 0;\r\n  filter: alpha(opacity=0);\r\n  -webkit-transform: scale(0.5) translateX(-100\n  -ms-transform: scale(0.5) translateX(-100\n  transform: scale(0.5) translateX(-100\n}\r\n.layout-1027 .layer-media {\r\n  -webkit-transition: all 1s ease 0s;\r\n  transition: all 1s ease 0s;\r\n  width: 100\n}\r\n.layout-1027:hover .layer-content{\r\n  opacity: 1;\r\n  filter: alpha(opacity=100);\r\n}\r\n.layout-1027 .layer-content {\r\n  left: 0;\r\n  opacity: 0;\r\n  filter: alpha(opacity=0);\r\n  position: absolute;\r\n  top: 0;\r\n  -webkit-transition: all 1s ease 0s;\r\n  transition: all 1s ease 0s;\r\n}\r\n.layout-1027 .layer-hover {\r\n  display: none;\r\n}    <\/style>\n    <script>\n          \/*Write your js code here*\/          <\/script>\n    <style type=\"text\/css\">\n    #post-grid-714 {\n      padding: 10px;\n      background-color: #fff;\n          }\n\n    #post-grid-714 .item {\n      background: #fff;\n          }\n\n    #post-grid-714 .item .layer-media {\n      height:auto;    }\n\n    @media only screen and (min-width: 0px) and (max-width: 767px) {\n      #post-grid-714 .grid-items {\n        text-align: center;\n              }\n\n      #post-grid-714 .item {\n        width: 90\n        margin: 10px;\n        display: inline-block;\n        vertical-align: top;\n        height:auto;      }\n    }\n\n    @media only screen and (min-width: 768px) and (max-width: 1023px) {\n      #post-grid-714 .grid-items {\n        text-align: center;\n              }\n\n      #post-grid-714 .item {\n        width: 280px;\n        margin: 10px;\n        display: inline-block;\n        vertical-align: top;\n        max-height:auto;      }\n    }\n\n    @media only screen and (min-width: 1024px) {\n      #post-grid-714 .grid-items {\n        text-align: center;\n              }\n\n      #post-grid-714 .item {\n        width: 280px;\n        display: inline-block;\n        margin: 10px;\n        vertical-align: top;\n        height:auto;      }\n    }\n\n      <\/style>\n  <\/div>\n\n","protected":false},"excerpt":{"rendered":"<p>Wenn du Interesse am Erlernen eines Instruments hast und Lust darauf, gemeinsam mit anderen Kindern und Jugendlichen zu musizieren, dann bist du bei unserer Musikjugend genau richtig! Die Musikjugend existiert seit 2006 und w\u00e4chst stetig. In w\u00f6chentlichen Probe \u00fcben 7 Kinder unter der Leitung ihres Dirigenten Dirk Br\u00fcnenborg. Die Musiker werden dabei an die Orchestersituation [&hellip;]<\/p>\n","protected":false},"author":2,"featured_media":1385,"parent":0,"menu_order":0,"comment_status":"closed","ping_status":"closed","template":"","meta":{"_crdt_document":"","ngg_post_thumbnail":0,"footnotes":""},"class_list":["post-338","page","type-page","status-publish","has-post-thumbnail","hentry"],"yoast_head":"<!-- This site is optimized with the Yoast SEO plugin v27.5 - https:\/\/yoast.com\/product\/yoast-seo-wordpress\/ -->\n<title>Musikjugend der Blaskapelle Schapen - Blaskapelle Schapen e.V.<\/title>\n<meta name=\"robots\" content=\"index, follow, max-snippet:-1, max-image-preview:large, max-video-preview:-1\" \/>\n<link rel=\"canonical\" href=\"https:\/\/blaskapelle-schapen.de\/index.php\/musikjugend\/\" \/>\n<meta property=\"og:locale\" content=\"de_DE\" \/>\n<meta property=\"og:type\" content=\"article\" \/>\n<meta property=\"og:title\" content=\"Musikjugend der Blaskapelle Schapen - Blaskapelle Schapen e.V.\" \/>\n<meta property=\"og:description\" content=\"Wenn du Interesse am Erlernen eines Instruments hast und Lust darauf, gemeinsam mit anderen Kindern und Jugendlichen zu musizieren, dann bist du bei unserer Musikjugend genau richtig! Die Musikjugend existiert seit 2006 und w\u00e4chst stetig. In w\u00f6chentlichen Probe \u00fcben 7 Kinder unter der Leitung ihres Dirigenten Dirk Br\u00fcnenborg. Die Musiker werden dabei an die Orchestersituation [&hellip;]\" \/>\n<meta property=\"og:url\" content=\"https:\/\/blaskapelle-schapen.de\/index.php\/musikjugend\/\" \/>\n<meta property=\"og:site_name\" content=\"Blaskapelle Schapen e.V.\" \/>\n<meta property=\"article:publisher\" content=\"https:\/\/www.facebook.com\/blaskapelle.schapen\" \/>\n<meta property=\"article:modified_time\" content=\"2024-07-14T11:45:59+00:00\" \/>\n<meta property=\"og:image\" content=\"https:\/\/blaskapelle-schapen.de\/wp-content\/uploads\/2024\/07\/DSC_1985-scaled-e1720957550380.jpeg\" \/>\n\t<meta property=\"og:image:width\" content=\"2560\" \/>\n\t<meta property=\"og:image:height\" content=\"1565\" \/>\n\t<meta property=\"og:image:type\" content=\"image\/jpeg\" \/>\n<meta name=\"twitter:label1\" content=\"Gesch\u00e4tzte Lesezeit\" \/>\n\t<meta name=\"twitter:data1\" content=\"2\u00a0Minuten\" \/>\n<script type=\"application\/ld+json\" class=\"yoast-schema-graph\">{\"@context\":\"https:\\\/\\\/schema.org\",\"@graph\":[{\"@type\":\"WebPage\",\"@id\":\"https:\\\/\\\/blaskapelle-schapen.de\\\/index.php\\\/musikjugend\\\/\",\"url\":\"https:\\\/\\\/blaskapelle-schapen.de\\\/index.php\\\/musikjugend\\\/\",\"name\":\"Musikjugend der Blaskapelle Schapen - Blaskapelle Schapen e.V.\",\"isPartOf\":{\"@id\":\"https:\\\/\\\/blaskapelle-schapen.de\\\/index.php\\\/#website\"},\"primaryImageOfPage\":{\"@id\":\"https:\\\/\\\/blaskapelle-schapen.de\\\/index.php\\\/musikjugend\\\/#primaryimage\"},\"image\":{\"@id\":\"https:\\\/\\\/blaskapelle-schapen.de\\\/index.php\\\/musikjugend\\\/#primaryimage\"},\"thumbnailUrl\":\"https:\\\/\\\/blaskapelle-schapen.de\\\/wp-content\\\/uploads\\\/2024\\\/07\\\/DSC_1985-scaled-e1720957550380.jpeg\",\"datePublished\":\"2017-12-10T20:25:10+00:00\",\"dateModified\":\"2024-07-14T11:45:59+00:00\",\"breadcrumb\":{\"@id\":\"https:\\\/\\\/blaskapelle-schapen.de\\\/index.php\\\/musikjugend\\\/#breadcrumb\"},\"inLanguage\":\"de\",\"potentialAction\":[{\"@type\":\"ReadAction\",\"target\":[\"https:\\\/\\\/blaskapelle-schapen.de\\\/index.php\\\/musikjugend\\\/\"]}]},{\"@type\":\"ImageObject\",\"inLanguage\":\"de\",\"@id\":\"https:\\\/\\\/blaskapelle-schapen.de\\\/index.php\\\/musikjugend\\\/#primaryimage\",\"url\":\"https:\\\/\\\/blaskapelle-schapen.de\\\/wp-content\\\/uploads\\\/2024\\\/07\\\/DSC_1985-scaled-e1720957550380.jpeg\",\"contentUrl\":\"https:\\\/\\\/blaskapelle-schapen.de\\\/wp-content\\\/uploads\\\/2024\\\/07\\\/DSC_1985-scaled-e1720957550380.jpeg\",\"width\":2560,\"height\":1565},{\"@type\":\"BreadcrumbList\",\"@id\":\"https:\\\/\\\/blaskapelle-schapen.de\\\/index.php\\\/musikjugend\\\/#breadcrumb\",\"itemListElement\":[{\"@type\":\"ListItem\",\"position\":1,\"name\":\"Startseite\",\"item\":\"https:\\\/\\\/blaskapelle-schapen.de\\\/index.php\\\/\"},{\"@type\":\"ListItem\",\"position\":2,\"name\":\"Musikjugend der Blaskapelle Schapen\"}]},{\"@type\":\"WebSite\",\"@id\":\"https:\\\/\\\/blaskapelle-schapen.de\\\/index.php\\\/#website\",\"url\":\"https:\\\/\\\/blaskapelle-schapen.de\\\/index.php\\\/\",\"name\":\"Blaskapelle Schapen e.V.\",\"description\":\"\",\"potentialAction\":[{\"@type\":\"SearchAction\",\"target\":{\"@type\":\"EntryPoint\",\"urlTemplate\":\"https:\\\/\\\/blaskapelle-schapen.de\\\/index.php\\\/?s={search_term_string}\"},\"query-input\":{\"@type\":\"PropertyValueSpecification\",\"valueRequired\":true,\"valueName\":\"search_term_string\"}}],\"inLanguage\":\"de\"}]}<\/script>\n<!-- \/ Yoast SEO plugin. -->","yoast_head_json":{"title":"Musikjugend der Blaskapelle Schapen - Blaskapelle Schapen e.V.","robots":{"index":"index","follow":"follow","max-snippet":"max-snippet:-1","max-image-preview":"max-image-preview:large","max-video-preview":"max-video-preview:-1"},"canonical":"https:\/\/blaskapelle-schapen.de\/index.php\/musikjugend\/","og_locale":"de_DE","og_type":"article","og_title":"Musikjugend der Blaskapelle Schapen - Blaskapelle Schapen e.V.","og_description":"Wenn du Interesse am Erlernen eines Instruments hast und Lust darauf, gemeinsam mit anderen Kindern und Jugendlichen zu musizieren, dann bist du bei unserer Musikjugend genau richtig! Die Musikjugend existiert seit 2006 und w\u00e4chst stetig. In w\u00f6chentlichen Probe \u00fcben 7 Kinder unter der Leitung ihres Dirigenten Dirk Br\u00fcnenborg. Die Musiker werden dabei an die Orchestersituation [&hellip;]","og_url":"https:\/\/blaskapelle-schapen.de\/index.php\/musikjugend\/","og_site_name":"Blaskapelle Schapen e.V.","article_publisher":"https:\/\/www.facebook.com\/blaskapelle.schapen","article_modified_time":"2024-07-14T11:45:59+00:00","og_image":[{"width":2560,"height":1565,"url":"https:\/\/blaskapelle-schapen.de\/wp-content\/uploads\/2024\/07\/DSC_1985-scaled-e1720957550380.jpeg","type":"image\/jpeg"}],"twitter_misc":{"Gesch\u00e4tzte Lesezeit":"2\u00a0Minuten"},"schema":{"@context":"https:\/\/schema.org","@graph":[{"@type":"WebPage","@id":"https:\/\/blaskapelle-schapen.de\/index.php\/musikjugend\/","url":"https:\/\/blaskapelle-schapen.de\/index.php\/musikjugend\/","name":"Musikjugend der Blaskapelle Schapen - Blaskapelle Schapen e.V.","isPartOf":{"@id":"https:\/\/blaskapelle-schapen.de\/index.php\/#website"},"primaryImageOfPage":{"@id":"https:\/\/blaskapelle-schapen.de\/index.php\/musikjugend\/#primaryimage"},"image":{"@id":"https:\/\/blaskapelle-schapen.de\/index.php\/musikjugend\/#primaryimage"},"thumbnailUrl":"https:\/\/blaskapelle-schapen.de\/wp-content\/uploads\/2024\/07\/DSC_1985-scaled-e1720957550380.jpeg","datePublished":"2017-12-10T20:25:10+00:00","dateModified":"2024-07-14T11:45:59+00:00","breadcrumb":{"@id":"https:\/\/blaskapelle-schapen.de\/index.php\/musikjugend\/#breadcrumb"},"inLanguage":"de","potentialAction":[{"@type":"ReadAction","target":["https:\/\/blaskapelle-schapen.de\/index.php\/musikjugend\/"]}]},{"@type":"ImageObject","inLanguage":"de","@id":"https:\/\/blaskapelle-schapen.de\/index.php\/musikjugend\/#primaryimage","url":"https:\/\/blaskapelle-schapen.de\/wp-content\/uploads\/2024\/07\/DSC_1985-scaled-e1720957550380.jpeg","contentUrl":"https:\/\/blaskapelle-schapen.de\/wp-content\/uploads\/2024\/07\/DSC_1985-scaled-e1720957550380.jpeg","width":2560,"height":1565},{"@type":"BreadcrumbList","@id":"https:\/\/blaskapelle-schapen.de\/index.php\/musikjugend\/#breadcrumb","itemListElement":[{"@type":"ListItem","position":1,"name":"Startseite","item":"https:\/\/blaskapelle-schapen.de\/index.php\/"},{"@type":"ListItem","position":2,"name":"Musikjugend der Blaskapelle Schapen"}]},{"@type":"WebSite","@id":"https:\/\/blaskapelle-schapen.de\/index.php\/#website","url":"https:\/\/blaskapelle-schapen.de\/index.php\/","name":"Blaskapelle Schapen e.V.","description":"","potentialAction":[{"@type":"SearchAction","target":{"@type":"EntryPoint","urlTemplate":"https:\/\/blaskapelle-schapen.de\/index.php\/?s={search_term_string}"},"query-input":{"@type":"PropertyValueSpecification","valueRequired":true,"valueName":"search_term_string"}}],"inLanguage":"de"}]}},"_links":{"self":[{"href":"https:\/\/blaskapelle-schapen.de\/index.php\/wp-json\/wp\/v2\/pages\/338","targetHints":{"allow":["GET"]}}],"collection":[{"href":"https:\/\/blaskapelle-schapen.de\/index.php\/wp-json\/wp\/v2\/pages"}],"about":[{"href":"https:\/\/blaskapelle-schapen.de\/index.php\/wp-json\/wp\/v2\/types\/page"}],"author":[{"embeddable":true,"href":"https:\/\/blaskapelle-schapen.de\/index.php\/wp-json\/wp\/v2\/users\/2"}],"replies":[{"embeddable":true,"href":"https:\/\/blaskapelle-schapen.de\/index.php\/wp-json\/wp\/v2\/comments?post=338"}],"version-history":[{"count":11,"href":"https:\/\/blaskapelle-schapen.de\/index.php\/wp-json\/wp\/v2\/pages\/338\/revisions"}],"predecessor-version":[{"id":1390,"href":"https:\/\/blaskapelle-schapen.de\/index.php\/wp-json\/wp\/v2\/pages\/338\/revisions\/1390"}],"wp:featuredmedia":[{"embeddable":true,"href":"https:\/\/blaskapelle-schapen.de\/index.php\/wp-json\/wp\/v2\/media\/1385"}],"wp:attachment":[{"href":"https:\/\/blaskapelle-schapen.de\/index.php\/wp-json\/wp\/v2\/media?parent=338"}],"curies":[{"name":"wp","href":"https:\/\/api.w.org\/{rel}","templated":true}]}}