{"id":382,"date":"2017-12-10T23:05:15","date_gmt":"2017-12-10T22:05:15","guid":{"rendered":"http:\/\/wp.blaskapelle-schapen.de\/?page_id=382"},"modified":"2024-07-14T13:38:46","modified_gmt":"2024-07-14T11:38:46","slug":"besetzung","status":"publish","type":"page","link":"https:\/\/blaskapelle-schapen.de\/index.php\/blaskapelle-schapen\/besetzung\/","title":{"rendered":"Besetzung der Blaskapelle Schapen"},"content":{"rendered":"<p>Knapp 35 Musiker wirken derzeit aktiv bei der Blaskapelle Schapen mit. Seit 1974 ver\u00e4nderte sich die Besetzung stetig. Immer neue und junge Musiker kommen dazu und erg\u00e4nzen die vorhandenen Instrumente. \u00dcber Unterst\u00fctzung freuen wir uns immer!<\/p>\n<h4>Querfl\u00f6ten<\/h4>\n<p><img loading=\"lazy\" decoding=\"async\" class=\"alignnone size-medium wp-image-1369\" src=\"https:\/\/blaskapelle-schapen.de\/wp-content\/uploads\/2024\/07\/DSC_2067-300x200.jpeg\" alt=\"\" width=\"300\" height=\"200\" srcset=\"https:\/\/blaskapelle-schapen.de\/wp-content\/uploads\/2024\/07\/DSC_2067-300x200.jpeg 300w, https:\/\/blaskapelle-schapen.de\/wp-content\/uploads\/2024\/07\/DSC_2067-1024x681.jpeg 1024w, https:\/\/blaskapelle-schapen.de\/wp-content\/uploads\/2024\/07\/DSC_2067-768x511.jpeg 768w, https:\/\/blaskapelle-schapen.de\/wp-content\/uploads\/2024\/07\/DSC_2067-1536x1022.jpeg 1536w, https:\/\/blaskapelle-schapen.de\/wp-content\/uploads\/2024\/07\/DSC_2067-2048x1363.jpeg 2048w, https:\/\/blaskapelle-schapen.de\/wp-content\/uploads\/2024\/07\/DSC_2067-150x100.jpeg 150w\" sizes=\"auto, (max-width: 300px) 100vw, 300px\" \/><\/p>\n<ol>\n<li>Reihe (v.l.): Emily Wallmann, Lucy Krauledat, Nina D\u00fcsing, Jana Beerboom, Erika Wiggering<\/li>\n<li>Reihe (v.l.): Melina Hofhues, Jette von Atens, Luisa Wallmeyer, Henrika Huil<\/li>\n<\/ol>\n<h4>Klarinetten<\/h4>\n<p><img loading=\"lazy\" decoding=\"async\" class=\"alignnone size-medium wp-image-1370\" src=\"https:\/\/blaskapelle-schapen.de\/wp-content\/uploads\/2024\/07\/image00002-300x200.jpeg\" alt=\"\" width=\"300\" height=\"200\" srcset=\"https:\/\/blaskapelle-schapen.de\/wp-content\/uploads\/2024\/07\/image00002-300x200.jpeg 300w, https:\/\/blaskapelle-schapen.de\/wp-content\/uploads\/2024\/07\/image00002-1024x681.jpeg 1024w, https:\/\/blaskapelle-schapen.de\/wp-content\/uploads\/2024\/07\/image00002-768x511.jpeg 768w, https:\/\/blaskapelle-schapen.de\/wp-content\/uploads\/2024\/07\/image00002-1536x1022.jpeg 1536w, https:\/\/blaskapelle-schapen.de\/wp-content\/uploads\/2024\/07\/image00002-2048x1363.jpeg 2048w, https:\/\/blaskapelle-schapen.de\/wp-content\/uploads\/2024\/07\/image00002-150x100.jpeg 150w\" sizes=\"auto, (max-width: 300px) 100vw, 300px\" \/><\/p>\n<p>v.l.: Katharina Huil, Emma Middendorp<\/p>\n<h4>Saxofon<\/h4>\n<p><img loading=\"lazy\" decoding=\"async\" class=\"alignnone size-medium wp-image-1371\" src=\"https:\/\/blaskapelle-schapen.de\/wp-content\/uploads\/2024\/07\/DSC_2174-300x200.jpeg\" alt=\"\" width=\"300\" height=\"200\" srcset=\"https:\/\/blaskapelle-schapen.de\/wp-content\/uploads\/2024\/07\/DSC_2174-300x200.jpeg 300w, https:\/\/blaskapelle-schapen.de\/wp-content\/uploads\/2024\/07\/DSC_2174-1024x681.jpeg 1024w, https:\/\/blaskapelle-schapen.de\/wp-content\/uploads\/2024\/07\/DSC_2174-768x511.jpeg 768w, https:\/\/blaskapelle-schapen.de\/wp-content\/uploads\/2024\/07\/DSC_2174-1536x1022.jpeg 1536w, https:\/\/blaskapelle-schapen.de\/wp-content\/uploads\/2024\/07\/DSC_2174-2048x1363.jpeg 2048w, https:\/\/blaskapelle-schapen.de\/wp-content\/uploads\/2024\/07\/DSC_2174-150x100.jpeg 150w\" sizes=\"auto, (max-width: 300px) 100vw, 300px\" \/><\/p>\n<p>v.l.: Joana Krauledat, Anna Piechatzek, Theresa Meyer, Uschi Hilbers<\/p>\n<p>es fehlt: Verena Hilbers<\/p>\n<h4>Trompeten<\/h4>\n<p><img loading=\"lazy\" decoding=\"async\" class=\"alignnone size-medium wp-image-1372\" src=\"https:\/\/blaskapelle-schapen.de\/wp-content\/uploads\/2024\/07\/DSC_2116-300x200.jpeg\" alt=\"\" width=\"300\" height=\"200\" srcset=\"https:\/\/blaskapelle-schapen.de\/wp-content\/uploads\/2024\/07\/DSC_2116-300x200.jpeg 300w, https:\/\/blaskapelle-schapen.de\/wp-content\/uploads\/2024\/07\/DSC_2116-1024x681.jpeg 1024w, https:\/\/blaskapelle-schapen.de\/wp-content\/uploads\/2024\/07\/DSC_2116-768x511.jpeg 768w, https:\/\/blaskapelle-schapen.de\/wp-content\/uploads\/2024\/07\/DSC_2116-1536x1022.jpeg 1536w, https:\/\/blaskapelle-schapen.de\/wp-content\/uploads\/2024\/07\/DSC_2116-2048x1363.jpeg 2048w, https:\/\/blaskapelle-schapen.de\/wp-content\/uploads\/2024\/07\/DSC_2116-150x100.jpeg 150w\" sizes=\"auto, (max-width: 300px) 100vw, 300px\" \/><\/p>\n<p>v.l.: Leon Wallmeyer, Marvin Meyer, Mario Hoffhues, Georg Kimmer<\/p>\n<h4>Posaune<\/h4>\n<p><img loading=\"lazy\" decoding=\"async\" class=\"alignnone size-medium wp-image-1373\" src=\"https:\/\/blaskapelle-schapen.de\/wp-content\/uploads\/2024\/07\/DSC_2094-300x200.jpeg\" alt=\"\" width=\"300\" height=\"200\" srcset=\"https:\/\/blaskapelle-schapen.de\/wp-content\/uploads\/2024\/07\/DSC_2094-300x200.jpeg 300w, https:\/\/blaskapelle-schapen.de\/wp-content\/uploads\/2024\/07\/DSC_2094-1024x681.jpeg 1024w, https:\/\/blaskapelle-schapen.de\/wp-content\/uploads\/2024\/07\/DSC_2094-768x511.jpeg 768w, https:\/\/blaskapelle-schapen.de\/wp-content\/uploads\/2024\/07\/DSC_2094-1536x1022.jpeg 1536w, https:\/\/blaskapelle-schapen.de\/wp-content\/uploads\/2024\/07\/DSC_2094-2048x1363.jpeg 2048w, https:\/\/blaskapelle-schapen.de\/wp-content\/uploads\/2024\/07\/DSC_2094-150x100.jpeg 150w\" sizes=\"auto, (max-width: 300px) 100vw, 300px\" \/><\/p>\n<p>v.l.: Max Kleinbuntemeyer, Sebastian Pelle, Edmund Huil<\/p>\n<h4>Tenorhorn<\/h4>\n<p><img loading=\"lazy\" decoding=\"async\" class=\"alignnone size-medium wp-image-1374\" src=\"https:\/\/blaskapelle-schapen.de\/wp-content\/uploads\/2024\/07\/DSC_2159-300x200.jpeg\" alt=\"\" width=\"300\" height=\"200\" srcset=\"https:\/\/blaskapelle-schapen.de\/wp-content\/uploads\/2024\/07\/DSC_2159-300x200.jpeg 300w, https:\/\/blaskapelle-schapen.de\/wp-content\/uploads\/2024\/07\/DSC_2159-1024x681.jpeg 1024w, https:\/\/blaskapelle-schapen.de\/wp-content\/uploads\/2024\/07\/DSC_2159-768x511.jpeg 768w, https:\/\/blaskapelle-schapen.de\/wp-content\/uploads\/2024\/07\/DSC_2159-1536x1022.jpeg 1536w, https:\/\/blaskapelle-schapen.de\/wp-content\/uploads\/2024\/07\/DSC_2159-2048x1363.jpeg 2048w, https:\/\/blaskapelle-schapen.de\/wp-content\/uploads\/2024\/07\/DSC_2159-150x100.jpeg 150w\" sizes=\"auto, (max-width: 300px) 100vw, 300px\" \/><\/p>\n<p>v.l.: Christian Hoffhues, Anna Griese<\/p>\n<h4>Tuba<\/h4>\n<p><img loading=\"lazy\" decoding=\"async\" class=\"alignnone size-medium wp-image-1375\" src=\"https:\/\/blaskapelle-schapen.de\/wp-content\/uploads\/2024\/07\/DSC_2111-Kopie-300x181.jpeg\" alt=\"\" width=\"300\" height=\"181\" srcset=\"https:\/\/blaskapelle-schapen.de\/wp-content\/uploads\/2024\/07\/DSC_2111-Kopie-300x181.jpeg 300w, https:\/\/blaskapelle-schapen.de\/wp-content\/uploads\/2024\/07\/DSC_2111-Kopie-1024x617.jpeg 1024w, https:\/\/blaskapelle-schapen.de\/wp-content\/uploads\/2024\/07\/DSC_2111-Kopie-768x463.jpeg 768w, https:\/\/blaskapelle-schapen.de\/wp-content\/uploads\/2024\/07\/DSC_2111-Kopie-1536x925.jpeg 1536w, https:\/\/blaskapelle-schapen.de\/wp-content\/uploads\/2024\/07\/DSC_2111-Kopie-2048x1234.jpeg 2048w, https:\/\/blaskapelle-schapen.de\/wp-content\/uploads\/2024\/07\/DSC_2111-Kopie-166x100.jpeg 166w\" sizes=\"auto, (max-width: 300px) 100vw, 300px\" \/><\/p>\n<p>Franz-Josef G\u00f6cke<\/p>\n<h4>Schlagzeug<\/h4>\n<p><img loading=\"lazy\" decoding=\"async\" class=\"alignnone size-medium wp-image-1376\" src=\"https:\/\/blaskapelle-schapen.de\/wp-content\/uploads\/2024\/07\/DSC_2203-300x200.jpeg\" alt=\"\" width=\"300\" height=\"200\" srcset=\"https:\/\/blaskapelle-schapen.de\/wp-content\/uploads\/2024\/07\/DSC_2203-300x200.jpeg 300w, https:\/\/blaskapelle-schapen.de\/wp-content\/uploads\/2024\/07\/DSC_2203-1024x681.jpeg 1024w, https:\/\/blaskapelle-schapen.de\/wp-content\/uploads\/2024\/07\/DSC_2203-768x511.jpeg 768w, https:\/\/blaskapelle-schapen.de\/wp-content\/uploads\/2024\/07\/DSC_2203-1536x1022.jpeg 1536w, https:\/\/blaskapelle-schapen.de\/wp-content\/uploads\/2024\/07\/DSC_2203-2048x1363.jpeg 2048w, https:\/\/blaskapelle-schapen.de\/wp-content\/uploads\/2024\/07\/DSC_2203-150x100.jpeg 150w\" sizes=\"auto, (max-width: 300px) 100vw, 300px\" \/><\/p>\n<p>v.l.: Stefan Griese, Jochen Kimmer<\/p>\n<p>es fehlen: Jakob von der Haar, Florian D\u00fcsing<\/p>\n","protected":false},"excerpt":{"rendered":"<p>Knapp 35 Musiker wirken derzeit aktiv bei der Blaskapelle Schapen mit. Seit 1974 ver\u00e4nderte sich die Besetzung stetig. Immer neue und junge Musiker kommen dazu und erg\u00e4nzen die vorhandenen Instrumente. \u00dcber Unterst\u00fctzung freuen wir uns immer! Querfl\u00f6ten Reihe (v.l.): Emily Wallmann, Lucy Krauledat, Nina D\u00fcsing, Jana Beerboom, Erika Wiggering Reihe (v.l.): Melina Hofhues, Jette von [&hellip;]<\/p>\n","protected":false},"author":2,"featured_media":1379,"parent":361,"menu_order":0,"comment_status":"closed","ping_status":"closed","template":"","meta":{"_crdt_document":"","ngg_post_thumbnail":0,"footnotes":""},"class_list":["post-382","page","type-page","status-publish","has-post-thumbnail","hentry"],"yoast_head":"<!-- This site is optimized with the Yoast SEO plugin v27.5 - https:\/\/yoast.com\/product\/yoast-seo-wordpress\/ -->\n<title>Besetzung der Blaskapelle Schapen - Blaskapelle Schapen e.V.<\/title>\n<meta name=\"robots\" content=\"index, follow, max-snippet:-1, max-image-preview:large, max-video-preview:-1\" \/>\n<link rel=\"canonical\" href=\"https:\/\/blaskapelle-schapen.de\/index.php\/blaskapelle-schapen\/besetzung\/\" \/>\n<meta property=\"og:locale\" content=\"de_DE\" \/>\n<meta property=\"og:type\" content=\"article\" \/>\n<meta property=\"og:title\" content=\"Besetzung der Blaskapelle Schapen - Blaskapelle Schapen e.V.\" \/>\n<meta property=\"og:description\" content=\"Knapp 35 Musiker wirken derzeit aktiv bei der Blaskapelle Schapen mit. Seit 1974 ver\u00e4nderte sich die Besetzung stetig. Immer neue und junge Musiker kommen dazu und erg\u00e4nzen die vorhandenen Instrumente. \u00dcber Unterst\u00fctzung freuen wir uns immer! Querfl\u00f6ten Reihe (v.l.): Emily Wallmann, Lucy Krauledat, Nina D\u00fcsing, Jana Beerboom, Erika Wiggering Reihe (v.l.): Melina Hofhues, Jette von [&hellip;]\" \/>\n<meta property=\"og:url\" content=\"https:\/\/blaskapelle-schapen.de\/index.php\/blaskapelle-schapen\/besetzung\/\" \/>\n<meta property=\"og:site_name\" content=\"Blaskapelle Schapen e.V.\" \/>\n<meta property=\"article:publisher\" content=\"https:\/\/www.facebook.com\/blaskapelle.schapen\" \/>\n<meta property=\"article:modified_time\" content=\"2024-07-14T11:38:46+00:00\" \/>\n<meta property=\"og:image\" content=\"https:\/\/blaskapelle-schapen.de\/wp-content\/uploads\/2024\/07\/DSC_2012-scaled.jpeg\" \/>\n\t<meta property=\"og:image:width\" content=\"2560\" \/>\n\t<meta property=\"og:image:height\" content=\"1703\" \/>\n\t<meta property=\"og:image:type\" content=\"image\/jpeg\" \/>\n<meta name=\"twitter:label1\" content=\"Gesch\u00e4tzte Lesezeit\" \/>\n\t<meta name=\"twitter:data1\" content=\"3\u00a0Minuten\" \/>\n<script type=\"application\/ld+json\" class=\"yoast-schema-graph\">{\"@context\":\"https:\\\/\\\/schema.org\",\"@graph\":[{\"@type\":\"WebPage\",\"@id\":\"https:\\\/\\\/blaskapelle-schapen.de\\\/index.php\\\/blaskapelle-schapen\\\/besetzung\\\/\",\"url\":\"https:\\\/\\\/blaskapelle-schapen.de\\\/index.php\\\/blaskapelle-schapen\\\/besetzung\\\/\",\"name\":\"Besetzung der Blaskapelle Schapen - Blaskapelle Schapen e.V.\",\"isPartOf\":{\"@id\":\"https:\\\/\\\/blaskapelle-schapen.de\\\/index.php\\\/#website\"},\"primaryImageOfPage\":{\"@id\":\"https:\\\/\\\/blaskapelle-schapen.de\\\/index.php\\\/blaskapelle-schapen\\\/besetzung\\\/#primaryimage\"},\"image\":{\"@id\":\"https:\\\/\\\/blaskapelle-schapen.de\\\/index.php\\\/blaskapelle-schapen\\\/besetzung\\\/#primaryimage\"},\"thumbnailUrl\":\"https:\\\/\\\/blaskapelle-schapen.de\\\/wp-content\\\/uploads\\\/2024\\\/07\\\/DSC_2012-scaled-e1720957152970.jpeg\",\"datePublished\":\"2017-12-10T22:05:15+00:00\",\"dateModified\":\"2024-07-14T11:38:46+00:00\",\"breadcrumb\":{\"@id\":\"https:\\\/\\\/blaskapelle-schapen.de\\\/index.php\\\/blaskapelle-schapen\\\/besetzung\\\/#breadcrumb\"},\"inLanguage\":\"de\",\"potentialAction\":[{\"@type\":\"ReadAction\",\"target\":[\"https:\\\/\\\/blaskapelle-schapen.de\\\/index.php\\\/blaskapelle-schapen\\\/besetzung\\\/\"]}]},{\"@type\":\"ImageObject\",\"inLanguage\":\"de\",\"@id\":\"https:\\\/\\\/blaskapelle-schapen.de\\\/index.php\\\/blaskapelle-schapen\\\/besetzung\\\/#primaryimage\",\"url\":\"https:\\\/\\\/blaskapelle-schapen.de\\\/wp-content\\\/uploads\\\/2024\\\/07\\\/DSC_2012-scaled-e1720957152970.jpeg\",\"contentUrl\":\"https:\\\/\\\/blaskapelle-schapen.de\\\/wp-content\\\/uploads\\\/2024\\\/07\\\/DSC_2012-scaled-e1720957152970.jpeg\",\"width\":2560,\"height\":1390},{\"@type\":\"BreadcrumbList\",\"@id\":\"https:\\\/\\\/blaskapelle-schapen.de\\\/index.php\\\/blaskapelle-schapen\\\/besetzung\\\/#breadcrumb\",\"itemListElement\":[{\"@type\":\"ListItem\",\"position\":1,\"name\":\"Startseite\",\"item\":\"https:\\\/\\\/blaskapelle-schapen.de\\\/index.php\\\/\"},{\"@type\":\"ListItem\",\"position\":2,\"name\":\"Blaskapelle Schapen\",\"item\":\"https:\\\/\\\/blaskapelle-schapen.de\\\/index.php\\\/blaskapelle-schapen\\\/\"},{\"@type\":\"ListItem\",\"position\":3,\"name\":\"Besetzung der Blaskapelle Schapen\"}]},{\"@type\":\"WebSite\",\"@id\":\"https:\\\/\\\/blaskapelle-schapen.de\\\/index.php\\\/#website\",\"url\":\"https:\\\/\\\/blaskapelle-schapen.de\\\/index.php\\\/\",\"name\":\"Blaskapelle Schapen e.V.\",\"description\":\"\",\"potentialAction\":[{\"@type\":\"SearchAction\",\"target\":{\"@type\":\"EntryPoint\",\"urlTemplate\":\"https:\\\/\\\/blaskapelle-schapen.de\\\/index.php\\\/?s={search_term_string}\"},\"query-input\":{\"@type\":\"PropertyValueSpecification\",\"valueRequired\":true,\"valueName\":\"search_term_string\"}}],\"inLanguage\":\"de\"}]}<\/script>\n<!-- \/ Yoast SEO plugin. -->","yoast_head_json":{"title":"Besetzung der Blaskapelle Schapen - Blaskapelle Schapen e.V.","robots":{"index":"index","follow":"follow","max-snippet":"max-snippet:-1","max-image-preview":"max-image-preview:large","max-video-preview":"max-video-preview:-1"},"canonical":"https:\/\/blaskapelle-schapen.de\/index.php\/blaskapelle-schapen\/besetzung\/","og_locale":"de_DE","og_type":"article","og_title":"Besetzung der Blaskapelle Schapen - Blaskapelle Schapen e.V.","og_description":"Knapp 35 Musiker wirken derzeit aktiv bei der Blaskapelle Schapen mit. Seit 1974 ver\u00e4nderte sich die Besetzung stetig. Immer neue und junge Musiker kommen dazu und erg\u00e4nzen die vorhandenen Instrumente. \u00dcber Unterst\u00fctzung freuen wir uns immer! Querfl\u00f6ten Reihe (v.l.): Emily Wallmann, Lucy Krauledat, Nina D\u00fcsing, Jana Beerboom, Erika Wiggering Reihe (v.l.): Melina Hofhues, Jette von [&hellip;]","og_url":"https:\/\/blaskapelle-schapen.de\/index.php\/blaskapelle-schapen\/besetzung\/","og_site_name":"Blaskapelle Schapen e.V.","article_publisher":"https:\/\/www.facebook.com\/blaskapelle.schapen","article_modified_time":"2024-07-14T11:38:46+00:00","og_image":[{"width":2560,"height":1703,"url":"https:\/\/blaskapelle-schapen.de\/wp-content\/uploads\/2024\/07\/DSC_2012-scaled.jpeg","type":"image\/jpeg"}],"twitter_misc":{"Gesch\u00e4tzte Lesezeit":"3\u00a0Minuten"},"schema":{"@context":"https:\/\/schema.org","@graph":[{"@type":"WebPage","@id":"https:\/\/blaskapelle-schapen.de\/index.php\/blaskapelle-schapen\/besetzung\/","url":"https:\/\/blaskapelle-schapen.de\/index.php\/blaskapelle-schapen\/besetzung\/","name":"Besetzung der Blaskapelle Schapen - Blaskapelle Schapen e.V.","isPartOf":{"@id":"https:\/\/blaskapelle-schapen.de\/index.php\/#website"},"primaryImageOfPage":{"@id":"https:\/\/blaskapelle-schapen.de\/index.php\/blaskapelle-schapen\/besetzung\/#primaryimage"},"image":{"@id":"https:\/\/blaskapelle-schapen.de\/index.php\/blaskapelle-schapen\/besetzung\/#primaryimage"},"thumbnailUrl":"https:\/\/blaskapelle-schapen.de\/wp-content\/uploads\/2024\/07\/DSC_2012-scaled-e1720957152970.jpeg","datePublished":"2017-12-10T22:05:15+00:00","dateModified":"2024-07-14T11:38:46+00:00","breadcrumb":{"@id":"https:\/\/blaskapelle-schapen.de\/index.php\/blaskapelle-schapen\/besetzung\/#breadcrumb"},"inLanguage":"de","potentialAction":[{"@type":"ReadAction","target":["https:\/\/blaskapelle-schapen.de\/index.php\/blaskapelle-schapen\/besetzung\/"]}]},{"@type":"ImageObject","inLanguage":"de","@id":"https:\/\/blaskapelle-schapen.de\/index.php\/blaskapelle-schapen\/besetzung\/#primaryimage","url":"https:\/\/blaskapelle-schapen.de\/wp-content\/uploads\/2024\/07\/DSC_2012-scaled-e1720957152970.jpeg","contentUrl":"https:\/\/blaskapelle-schapen.de\/wp-content\/uploads\/2024\/07\/DSC_2012-scaled-e1720957152970.jpeg","width":2560,"height":1390},{"@type":"BreadcrumbList","@id":"https:\/\/blaskapelle-schapen.de\/index.php\/blaskapelle-schapen\/besetzung\/#breadcrumb","itemListElement":[{"@type":"ListItem","position":1,"name":"Startseite","item":"https:\/\/blaskapelle-schapen.de\/index.php\/"},{"@type":"ListItem","position":2,"name":"Blaskapelle Schapen","item":"https:\/\/blaskapelle-schapen.de\/index.php\/blaskapelle-schapen\/"},{"@type":"ListItem","position":3,"name":"Besetzung der Blaskapelle Schapen"}]},{"@type":"WebSite","@id":"https:\/\/blaskapelle-schapen.de\/index.php\/#website","url":"https:\/\/blaskapelle-schapen.de\/index.php\/","name":"Blaskapelle Schapen e.V.","description":"","potentialAction":[{"@type":"SearchAction","target":{"@type":"EntryPoint","urlTemplate":"https:\/\/blaskapelle-schapen.de\/index.php\/?s={search_term_string}"},"query-input":{"@type":"PropertyValueSpecification","valueRequired":true,"valueName":"search_term_string"}}],"inLanguage":"de"}]}},"_links":{"self":[{"href":"https:\/\/blaskapelle-schapen.de\/index.php\/wp-json\/wp\/v2\/pages\/382","targetHints":{"allow":["GET"]}}],"collection":[{"href":"https:\/\/blaskapelle-schapen.de\/index.php\/wp-json\/wp\/v2\/pages"}],"about":[{"href":"https:\/\/blaskapelle-schapen.de\/index.php\/wp-json\/wp\/v2\/types\/page"}],"author":[{"embeddable":true,"href":"https:\/\/blaskapelle-schapen.de\/index.php\/wp-json\/wp\/v2\/users\/2"}],"replies":[{"embeddable":true,"href":"https:\/\/blaskapelle-schapen.de\/index.php\/wp-json\/wp\/v2\/comments?post=382"}],"version-history":[{"count":9,"href":"https:\/\/blaskapelle-schapen.de\/index.php\/wp-json\/wp\/v2\/pages\/382\/revisions"}],"predecessor-version":[{"id":1367,"href":"https:\/\/blaskapelle-schapen.de\/index.php\/wp-json\/wp\/v2\/pages\/382\/revisions\/1367"}],"up":[{"embeddable":true,"href":"https:\/\/blaskapelle-schapen.de\/index.php\/wp-json\/wp\/v2\/pages\/361"}],"wp:featuredmedia":[{"embeddable":true,"href":"https:\/\/blaskapelle-schapen.de\/index.php\/wp-json\/wp\/v2\/media\/1379"}],"wp:attachment":[{"href":"https:\/\/blaskapelle-schapen.de\/index.php\/wp-json\/wp\/v2\/media?parent=382"}],"curies":[{"name":"wp","href":"https:\/\/api.w.org\/{rel}","templated":true}]}}