{"id":394,"date":"2017-12-10T23:32:40","date_gmt":"2017-12-10T22:32:40","guid":{"rendered":"http:\/\/wp.blaskapelle-schapen.de\/?page_id=394"},"modified":"2018-08-15T12:35:49","modified_gmt":"2018-08-15T10:35:49","slug":"fort-und-weiterbildung","status":"publish","type":"page","link":"https:\/\/blaskapelle-schapen.de\/index.php\/kontakt\/fort-und-weiterbildung\/","title":{"rendered":"Fort- und Weiterbildung"},"content":{"rendered":"<p>Um ein gewisses Niveau zu halten, ben\u00f6tigt es eine stetige Fort- und Weiterbildung der Musiker. Unser Ziel ist es daher, uns in verschiedenen Lehrg\u00e4ngen musikalisch und kaufm\u00e4nnisch weiterzubilden.<\/p>\n<h4>D1- und D2-Lehrg\u00e4nge<\/h4>\n<p>Das Ziel der Ausbildung unserer jungen Musiker ist die D1-Pr\u00fcfung. Das ist ein Musiklehrgang, bei dem grundlegende Inhalte theoretisch und praktisch unter Beweis gestellt werden m\u00fcssen. Es geht dabei auch um eine \u00dcberpr\u00fcfung des musikalischen Standes der jungen Musiker. Mit dem Bestehen dieses Lehrgangs sind die Jungen und M\u00e4dchen bereit f\u00fcr den Eintritt in die richtige Orchesterarbeit. Ausrichter ist der <a href=\"http:\/\/www.rmv-musik.de\">Regionalmusikverband Emsland\/Grafschaft Bentheim<\/a>. Seit einigen Jahren hat sich eine Kooperation der regionalen Vereine etabliert. Sowohl der <a href=\"http:\/\/www.musikzug-spelle.de\">Musikzug der Freiwilligen Feuerwehr Spelle-Venhaus<\/a>, der <a href=\"http:\/\/www.mvbeesten-luenne.de\">Musikverein Beesten-L\u00fcnne<\/a> als auch der <a href=\"http:\/\/musikverein-salzbergen-ev-1949.chayns.net\/aboutus\">Musikverein Salzbergen<\/a> beteiligen sich an den kleinen D-Lehrg\u00e4ngen.<\/p>\n<p>Inhalte der theoretischen Pr\u00fcfung sind grundlegende Dinge, wie der Aufbau einer Dur- und Moll-Tonleitern, die verschiedenen Notenschl\u00fcssel oder die Bestimmung der Tonintervalle. Bei der praktischen Pr\u00fcfung tragen die Musiker verschiedene Dur- und Moll-Tonleitern, Pflicht- und Selbstwahlst\u00fccke vor.<\/p>\n","protected":false},"excerpt":{"rendered":"<p>Um ein gewisses Niveau zu halten, ben\u00f6tigt es eine stetige Fort- und Weiterbildung der Musiker. Unser Ziel ist es daher, uns in verschiedenen Lehrg\u00e4ngen musikalisch und kaufm\u00e4nnisch weiterzubilden. D1- und D2-Lehrg\u00e4nge Das Ziel der Ausbildung unserer jungen Musiker ist die D1-Pr\u00fcfung. Das ist ein Musiklehrgang, bei dem grundlegende Inhalte theoretisch und praktisch unter Beweis gestellt [&hellip;]<\/p>\n","protected":false},"author":2,"featured_media":396,"parent":19,"menu_order":0,"comment_status":"closed","ping_status":"closed","template":"","meta":{"_crdt_document":"","ngg_post_thumbnail":0,"footnotes":""},"class_list":["post-394","page","type-page","status-publish","has-post-thumbnail","hentry"],"yoast_head":"<!-- This site is optimized with the Yoast SEO plugin v27.5 - https:\/\/yoast.com\/product\/yoast-seo-wordpress\/ -->\n<title>Fort- und Weiterbildung - Blaskapelle Schapen e.V.<\/title>\n<meta name=\"robots\" content=\"index, follow, max-snippet:-1, max-image-preview:large, max-video-preview:-1\" \/>\n<link rel=\"canonical\" href=\"https:\/\/blaskapelle-schapen.de\/index.php\/kontakt\/fort-und-weiterbildung\/\" \/>\n<meta property=\"og:locale\" content=\"de_DE\" \/>\n<meta property=\"og:type\" content=\"article\" \/>\n<meta property=\"og:title\" content=\"Fort- und Weiterbildung - Blaskapelle Schapen e.V.\" \/>\n<meta property=\"og:description\" content=\"Um ein gewisses Niveau zu halten, ben\u00f6tigt es eine stetige Fort- und Weiterbildung der Musiker. Unser Ziel ist es daher, uns in verschiedenen Lehrg\u00e4ngen musikalisch und kaufm\u00e4nnisch weiterzubilden. D1- und D2-Lehrg\u00e4nge Das Ziel der Ausbildung unserer jungen Musiker ist die D1-Pr\u00fcfung. Das ist ein Musiklehrgang, bei dem grundlegende Inhalte theoretisch und praktisch unter Beweis gestellt [&hellip;]\" \/>\n<meta property=\"og:url\" content=\"https:\/\/blaskapelle-schapen.de\/index.php\/kontakt\/fort-und-weiterbildung\/\" \/>\n<meta property=\"og:site_name\" content=\"Blaskapelle Schapen e.V.\" \/>\n<meta property=\"article:publisher\" content=\"https:\/\/www.facebook.com\/blaskapelle.schapen\" \/>\n<meta property=\"article:modified_time\" content=\"2018-08-15T10:35:49+00:00\" \/>\n<meta property=\"og:image\" content=\"https:\/\/i0.wp.com\/blaskapelle-schapen.de\/wp-content\/uploads\/2017\/12\/DSC05853.jpg?fit=2048%2C1363&ssl=1\" \/>\n\t<meta property=\"og:image:width\" content=\"2048\" \/>\n\t<meta property=\"og:image:height\" content=\"1363\" \/>\n\t<meta property=\"og:image:type\" content=\"image\/jpeg\" \/>\n<meta name=\"twitter:label1\" content=\"Gesch\u00e4tzte Lesezeit\" \/>\n\t<meta name=\"twitter:data1\" content=\"1\u00a0Minute\" \/>\n<script type=\"application\/ld+json\" class=\"yoast-schema-graph\">{\"@context\":\"https:\\\/\\\/schema.org\",\"@graph\":[{\"@type\":\"WebPage\",\"@id\":\"https:\\\/\\\/blaskapelle-schapen.de\\\/index.php\\\/kontakt\\\/fort-und-weiterbildung\\\/\",\"url\":\"https:\\\/\\\/blaskapelle-schapen.de\\\/index.php\\\/kontakt\\\/fort-und-weiterbildung\\\/\",\"name\":\"Fort- und Weiterbildung - Blaskapelle Schapen e.V.\",\"isPartOf\":{\"@id\":\"https:\\\/\\\/blaskapelle-schapen.de\\\/index.php\\\/#website\"},\"primaryImageOfPage\":{\"@id\":\"https:\\\/\\\/blaskapelle-schapen.de\\\/index.php\\\/kontakt\\\/fort-und-weiterbildung\\\/#primaryimage\"},\"image\":{\"@id\":\"https:\\\/\\\/blaskapelle-schapen.de\\\/index.php\\\/kontakt\\\/fort-und-weiterbildung\\\/#primaryimage\"},\"thumbnailUrl\":\"https:\\\/\\\/blaskapelle-schapen.de\\\/wp-content\\\/uploads\\\/2017\\\/12\\\/DSC05853.jpg\",\"datePublished\":\"2017-12-10T22:32:40+00:00\",\"dateModified\":\"2018-08-15T10:35:49+00:00\",\"breadcrumb\":{\"@id\":\"https:\\\/\\\/blaskapelle-schapen.de\\\/index.php\\\/kontakt\\\/fort-und-weiterbildung\\\/#breadcrumb\"},\"inLanguage\":\"de\",\"potentialAction\":[{\"@type\":\"ReadAction\",\"target\":[\"https:\\\/\\\/blaskapelle-schapen.de\\\/index.php\\\/kontakt\\\/fort-und-weiterbildung\\\/\"]}]},{\"@type\":\"ImageObject\",\"inLanguage\":\"de\",\"@id\":\"https:\\\/\\\/blaskapelle-schapen.de\\\/index.php\\\/kontakt\\\/fort-und-weiterbildung\\\/#primaryimage\",\"url\":\"https:\\\/\\\/blaskapelle-schapen.de\\\/wp-content\\\/uploads\\\/2017\\\/12\\\/DSC05853.jpg\",\"contentUrl\":\"https:\\\/\\\/blaskapelle-schapen.de\\\/wp-content\\\/uploads\\\/2017\\\/12\\\/DSC05853.jpg\",\"width\":2048,\"height\":1363},{\"@type\":\"BreadcrumbList\",\"@id\":\"https:\\\/\\\/blaskapelle-schapen.de\\\/index.php\\\/kontakt\\\/fort-und-weiterbildung\\\/#breadcrumb\",\"itemListElement\":[{\"@type\":\"ListItem\",\"position\":1,\"name\":\"Startseite\",\"item\":\"https:\\\/\\\/blaskapelle-schapen.de\\\/index.php\\\/\"},{\"@type\":\"ListItem\",\"position\":2,\"name\":\"Ausbildung\",\"item\":\"https:\\\/\\\/blaskapelle-schapen.de\\\/index.php\\\/kontakt\\\/\"},{\"@type\":\"ListItem\",\"position\":3,\"name\":\"Fort- und Weiterbildung\"}]},{\"@type\":\"WebSite\",\"@id\":\"https:\\\/\\\/blaskapelle-schapen.de\\\/index.php\\\/#website\",\"url\":\"https:\\\/\\\/blaskapelle-schapen.de\\\/index.php\\\/\",\"name\":\"Blaskapelle Schapen e.V.\",\"description\":\"\",\"potentialAction\":[{\"@type\":\"SearchAction\",\"target\":{\"@type\":\"EntryPoint\",\"urlTemplate\":\"https:\\\/\\\/blaskapelle-schapen.de\\\/index.php\\\/?s={search_term_string}\"},\"query-input\":{\"@type\":\"PropertyValueSpecification\",\"valueRequired\":true,\"valueName\":\"search_term_string\"}}],\"inLanguage\":\"de\"}]}<\/script>\n<!-- \/ Yoast SEO plugin. -->","yoast_head_json":{"title":"Fort- und Weiterbildung - Blaskapelle Schapen e.V.","robots":{"index":"index","follow":"follow","max-snippet":"max-snippet:-1","max-image-preview":"max-image-preview:large","max-video-preview":"max-video-preview:-1"},"canonical":"https:\/\/blaskapelle-schapen.de\/index.php\/kontakt\/fort-und-weiterbildung\/","og_locale":"de_DE","og_type":"article","og_title":"Fort- und Weiterbildung - Blaskapelle Schapen e.V.","og_description":"Um ein gewisses Niveau zu halten, ben\u00f6tigt es eine stetige Fort- und Weiterbildung der Musiker. Unser Ziel ist es daher, uns in verschiedenen Lehrg\u00e4ngen musikalisch und kaufm\u00e4nnisch weiterzubilden. D1- und D2-Lehrg\u00e4nge Das Ziel der Ausbildung unserer jungen Musiker ist die D1-Pr\u00fcfung. Das ist ein Musiklehrgang, bei dem grundlegende Inhalte theoretisch und praktisch unter Beweis gestellt [&hellip;]","og_url":"https:\/\/blaskapelle-schapen.de\/index.php\/kontakt\/fort-und-weiterbildung\/","og_site_name":"Blaskapelle Schapen e.V.","article_publisher":"https:\/\/www.facebook.com\/blaskapelle.schapen","article_modified_time":"2018-08-15T10:35:49+00:00","og_image":[{"width":2048,"height":1363,"url":"https:\/\/i0.wp.com\/blaskapelle-schapen.de\/wp-content\/uploads\/2017\/12\/DSC05853.jpg?fit=2048%2C1363&ssl=1","type":"image\/jpeg"}],"twitter_misc":{"Gesch\u00e4tzte Lesezeit":"1\u00a0Minute"},"schema":{"@context":"https:\/\/schema.org","@graph":[{"@type":"WebPage","@id":"https:\/\/blaskapelle-schapen.de\/index.php\/kontakt\/fort-und-weiterbildung\/","url":"https:\/\/blaskapelle-schapen.de\/index.php\/kontakt\/fort-und-weiterbildung\/","name":"Fort- und Weiterbildung - Blaskapelle Schapen e.V.","isPartOf":{"@id":"https:\/\/blaskapelle-schapen.de\/index.php\/#website"},"primaryImageOfPage":{"@id":"https:\/\/blaskapelle-schapen.de\/index.php\/kontakt\/fort-und-weiterbildung\/#primaryimage"},"image":{"@id":"https:\/\/blaskapelle-schapen.de\/index.php\/kontakt\/fort-und-weiterbildung\/#primaryimage"},"thumbnailUrl":"https:\/\/blaskapelle-schapen.de\/wp-content\/uploads\/2017\/12\/DSC05853.jpg","datePublished":"2017-12-10T22:32:40+00:00","dateModified":"2018-08-15T10:35:49+00:00","breadcrumb":{"@id":"https:\/\/blaskapelle-schapen.de\/index.php\/kontakt\/fort-und-weiterbildung\/#breadcrumb"},"inLanguage":"de","potentialAction":[{"@type":"ReadAction","target":["https:\/\/blaskapelle-schapen.de\/index.php\/kontakt\/fort-und-weiterbildung\/"]}]},{"@type":"ImageObject","inLanguage":"de","@id":"https:\/\/blaskapelle-schapen.de\/index.php\/kontakt\/fort-und-weiterbildung\/#primaryimage","url":"https:\/\/blaskapelle-schapen.de\/wp-content\/uploads\/2017\/12\/DSC05853.jpg","contentUrl":"https:\/\/blaskapelle-schapen.de\/wp-content\/uploads\/2017\/12\/DSC05853.jpg","width":2048,"height":1363},{"@type":"BreadcrumbList","@id":"https:\/\/blaskapelle-schapen.de\/index.php\/kontakt\/fort-und-weiterbildung\/#breadcrumb","itemListElement":[{"@type":"ListItem","position":1,"name":"Startseite","item":"https:\/\/blaskapelle-schapen.de\/index.php\/"},{"@type":"ListItem","position":2,"name":"Ausbildung","item":"https:\/\/blaskapelle-schapen.de\/index.php\/kontakt\/"},{"@type":"ListItem","position":3,"name":"Fort- und Weiterbildung"}]},{"@type":"WebSite","@id":"https:\/\/blaskapelle-schapen.de\/index.php\/#website","url":"https:\/\/blaskapelle-schapen.de\/index.php\/","name":"Blaskapelle Schapen e.V.","description":"","potentialAction":[{"@type":"SearchAction","target":{"@type":"EntryPoint","urlTemplate":"https:\/\/blaskapelle-schapen.de\/index.php\/?s={search_term_string}"},"query-input":{"@type":"PropertyValueSpecification","valueRequired":true,"valueName":"search_term_string"}}],"inLanguage":"de"}]}},"_links":{"self":[{"href":"https:\/\/blaskapelle-schapen.de\/index.php\/wp-json\/wp\/v2\/pages\/394","targetHints":{"allow":["GET"]}}],"collection":[{"href":"https:\/\/blaskapelle-schapen.de\/index.php\/wp-json\/wp\/v2\/pages"}],"about":[{"href":"https:\/\/blaskapelle-schapen.de\/index.php\/wp-json\/wp\/v2\/types\/page"}],"author":[{"embeddable":true,"href":"https:\/\/blaskapelle-schapen.de\/index.php\/wp-json\/wp\/v2\/users\/2"}],"replies":[{"embeddable":true,"href":"https:\/\/blaskapelle-schapen.de\/index.php\/wp-json\/wp\/v2\/comments?post=394"}],"version-history":[{"count":2,"href":"https:\/\/blaskapelle-schapen.de\/index.php\/wp-json\/wp\/v2\/pages\/394\/revisions"}],"predecessor-version":[{"id":568,"href":"https:\/\/blaskapelle-schapen.de\/index.php\/wp-json\/wp\/v2\/pages\/394\/revisions\/568"}],"up":[{"embeddable":true,"href":"https:\/\/blaskapelle-schapen.de\/index.php\/wp-json\/wp\/v2\/pages\/19"}],"wp:featuredmedia":[{"embeddable":true,"href":"https:\/\/blaskapelle-schapen.de\/index.php\/wp-json\/wp\/v2\/media\/396"}],"wp:attachment":[{"href":"https:\/\/blaskapelle-schapen.de\/index.php\/wp-json\/wp\/v2\/media?parent=394"}],"curies":[{"name":"wp","href":"https:\/\/api.w.org\/{rel}","templated":true}]}}